{"id":2750,"date":"2022-06-10T12:53:25","date_gmt":"2022-06-10T12:53:25","guid":{"rendered":"https:\/\/hotelekai.com\/?page_id=2750"},"modified":"2022-06-17T14:15:48","modified_gmt":"2022-06-17T14:15:48","slug":"proteccion-de-datos","status":"publish","type":"page","link":"https:\/\/hotelekai.com\/fr\/proteccion-de-datos\/","title":{"rendered":"Protecci\u00f3n de datos"},"content":{"rendered":"\t\t<div data-elementor-type=\"wp-page\" data-elementor-id=\"2750\" class=\"elementor elementor-2750\" data-elementor-post-type=\"page\">\n\t\t\t\t\t\t<section class=\"elementor-section elementor-top-section elementor-element elementor-element-a6decf6 elementor-section-boxed elementor-section-height-default elementor-section-height-default\" data-id=\"a6decf6\" data-element_type=\"section\" data-e-type=\"section\">\n\t\t\t\t\t\t<div class=\"elementor-container elementor-column-gap-default\">\n\t\t\t\t\t<div class=\"elementor-column elementor-col-100 elementor-top-column elementor-element elementor-element-180f208\" data-id=\"180f208\" data-element_type=\"column\" data-e-type=\"column\">\n\t\t\t<div class=\"elementor-widget-wrap elementor-element-populated\">\n\t\t\t\t\t\t<div class=\"elementor-element elementor-element-d644671 elementor-widget elementor-widget-heading\" data-id=\"d644671\" data-element_type=\"widget\" data-e-type=\"widget\" data-widget_type=\"heading.default\">\n\t\t\t\t<div class=\"elementor-widget-container\">\n\t\t\t\t\t<h2 class=\"elementor-heading-title elementor-size-default\">Protecci\u00f3n de Datos Personales\u200b<\/h2>\t\t\t\t<\/div>\n\t\t\t\t<\/div>\n\t\t\t\t<div class=\"elementor-element elementor-element-581dcfe elementor-widget elementor-widget-text-editor\" data-id=\"581dcfe\" data-element_type=\"widget\" data-e-type=\"widget\" data-widget_type=\"text-editor.default\">\n\t\t\t\t<div class=\"elementor-widget-container\">\n\t\t\t\t\t\t\t\t\t<div id=\"clickdatos\"><p>EL HOTEL EKAI, titular de esta web, dispone de ficheros de datos personales cuya existencia ha comunicado a la Agencia de Protecci\u00f3n de Datos Personales, disponiendo de las exigidas medidas de seguridad.<\/p><p>Los datos personales son proporcionados por los usuarios de la web que voluntariamente los comunica en cada comunicaci\u00f3n y\/o relaci\u00f3n contractual, los cuales no se guardan, ni se ceden a terceros.<\/p><\/div>\t\t\t\t\t\t\t\t<\/div>\n\t\t\t\t<\/div>\n\t\t\t\t<div class=\"elementor-element elementor-element-81b2c28 elementor-widget elementor-widget-heading\" data-id=\"81b2c28\" data-element_type=\"widget\" data-e-type=\"widget\" data-widget_type=\"heading.default\">\n\t\t\t\t<div class=\"elementor-widget-container\">\n\t\t\t\t\t<h2 class=\"elementor-heading-title elementor-size-default\">Cancelaci\u00f3n o modificaci\u00f3n de Datos Personales<\/h2>\t\t\t\t<\/div>\n\t\t\t\t<\/div>\n\t\t\t\t<div class=\"elementor-element elementor-element-8f2b79b elementor-widget elementor-widget-text-editor\" data-id=\"8f2b79b\" data-element_type=\"widget\" data-e-type=\"widget\" data-widget_type=\"text-editor.default\">\n\t\t\t\t<div class=\"elementor-widget-container\">\n\t\t\t\t\t\t\t\t\t<p>En cualquier momento tendr\u00e1 la posibilidad de revisar sus datos personales almacenados. Puede solicitar informaci\u00f3n, modificar o cancelar sus datos personales enviando un correo electr\u00f3nico a <strong><a href=\"mailto:hotelekai@hotelekai.com\">hotelekai@hotelekai.com<\/a><\/strong>. Por favor, escriba \u201ccancelaci\u00f3n o modificaci\u00f3n de datos personales\u201d como Asunto de su e-mail.<\/p>\t\t\t\t\t\t\t\t<\/div>\n\t\t\t\t<\/div>\n\t\t\t\t\t<\/div>\n\t\t<\/div>\n\t\t\t\t\t<\/div>\n\t\t<\/section>\n\t\t\t\t<\/div>\n\t\t","protected":false},"excerpt":{"rendered":"<p>Protecci\u00f3n de Datos Personales\u200b EL HOTEL EKAI, titular de esta web, dispone de ficheros de datos personales cuya existencia ha comunicado a la Agencia de Protecci\u00f3n de Datos Personales, disponiendo de las exigidas medidas de seguridad. Los datos personales son proporcionados por los usuarios de la web que voluntariamente los comunica en cada comunicaci\u00f3n y\/o [&hellip;]<\/p>\n","protected":false},"author":1,"featured_media":0,"parent":0,"menu_order":0,"comment_status":"closed","ping_status":"closed","template":"elementor_header_footer","meta":{"_acf_changed":false,"footnotes":""},"class_list":["post-2750","page","type-page","status-publish","hentry"],"acf":[],"yoast_head":"<!-- This site is optimized with the Yoast SEO plugin v27.4 - https:\/\/yoast.com\/product\/yoast-seo-wordpress\/ -->\n<title>Protecci\u00f3n de datos - Hotel EKAI Fr<\/title>\n<meta name=\"robots\" content=\"noindex, nofollow\" \/>\n<meta property=\"og:locale\" content=\"es_ES\" \/>\n<meta property=\"og:type\" content=\"article\" \/>\n<meta property=\"og:title\" content=\"Protecci\u00f3n de datos - Hotel EKAI Fr\" \/>\n<meta property=\"og:description\" content=\"Protecci\u00f3n de Datos Personales\u200b EL HOTEL EKAI, titular de esta web, dispone de ficheros de datos personales cuya existencia ha comunicado a la Agencia de Protecci\u00f3n de Datos Personales, disponiendo de las exigidas medidas de seguridad. Los datos personales son proporcionados por los usuarios de la web que voluntariamente los comunica en cada comunicaci\u00f3n y\/o [&hellip;]\" \/>\n<meta property=\"og:url\" content=\"https:\/\/hotelekai.com\/fr\/proteccion-de-datos\/\" \/>\n<meta property=\"og:site_name\" content=\"Hotel EKAI Fr\" \/>\n<meta property=\"article:modified_time\" content=\"2022-06-17T14:15:48+00:00\" \/>\n<meta name=\"twitter:card\" content=\"summary_large_image\" \/>\n<meta name=\"twitter:label1\" content=\"Tiempo de lectura\" \/>\n\t<meta name=\"twitter:data1\" content=\"1 minuto\" \/>\n<script type=\"application\/ld+json\" class=\"yoast-schema-graph\">{\"@context\":\"https:\\\/\\\/schema.org\",\"@graph\":[{\"@type\":\"WebPage\",\"@id\":\"https:\\\/\\\/hotelekai.com\\\/fr\\\/proteccion-de-datos\\\/\",\"url\":\"https:\\\/\\\/hotelekai.com\\\/fr\\\/proteccion-de-datos\\\/\",\"name\":\"Protecci\u00f3n de datos - Hotel EKAI Fr\",\"isPartOf\":{\"@id\":\"https:\\\/\\\/hotelekai.com\\\/fr\\\/#website\"},\"datePublished\":\"2022-06-10T12:53:25+00:00\",\"dateModified\":\"2022-06-17T14:15:48+00:00\",\"breadcrumb\":{\"@id\":\"https:\\\/\\\/hotelekai.com\\\/fr\\\/proteccion-de-datos\\\/#breadcrumb\"},\"inLanguage\":\"es\",\"potentialAction\":[{\"@type\":\"ReadAction\",\"target\":[\"https:\\\/\\\/hotelekai.com\\\/fr\\\/proteccion-de-datos\\\/\"]}]},{\"@type\":\"BreadcrumbList\",\"@id\":\"https:\\\/\\\/hotelekai.com\\\/fr\\\/proteccion-de-datos\\\/#breadcrumb\",\"itemListElement\":[{\"@type\":\"ListItem\",\"position\":1,\"name\":\"Portada\",\"item\":\"https:\\\/\\\/hotelekai.com\\\/fr\\\/\"},{\"@type\":\"ListItem\",\"position\":2,\"name\":\"Protecci\u00f3n de datos\"}]},{\"@type\":\"WebSite\",\"@id\":\"https:\\\/\\\/hotelekai.com\\\/fr\\\/#website\",\"url\":\"https:\\\/\\\/hotelekai.com\\\/fr\\\/\",\"name\":\"Hotel EKAI Fr\",\"description\":\"Hotel Ekay\",\"potentialAction\":[{\"@type\":\"SearchAction\",\"target\":{\"@type\":\"EntryPoint\",\"urlTemplate\":\"https:\\\/\\\/hotelekai.com\\\/fr\\\/?s={search_term_string}\"},\"query-input\":{\"@type\":\"PropertyValueSpecification\",\"valueRequired\":true,\"valueName\":\"search_term_string\"}}],\"inLanguage\":\"es\"}]}<\/script>\n<!-- \/ Yoast SEO plugin. -->","yoast_head_json":{"title":"Protecci\u00f3n de datos - Hotel EKAI Fr","robots":{"index":"noindex","follow":"nofollow"},"og_locale":"es_ES","og_type":"article","og_title":"Protecci\u00f3n de datos - Hotel EKAI Fr","og_description":"Protecci\u00f3n de Datos Personales\u200b EL HOTEL EKAI, titular de esta web, dispone de ficheros de datos personales cuya existencia ha comunicado a la Agencia de Protecci\u00f3n de Datos Personales, disponiendo de las exigidas medidas de seguridad. Los datos personales son proporcionados por los usuarios de la web que voluntariamente los comunica en cada comunicaci\u00f3n y\/o [&hellip;]","og_url":"https:\/\/hotelekai.com\/fr\/proteccion-de-datos\/","og_site_name":"Hotel EKAI Fr","article_modified_time":"2022-06-17T14:15:48+00:00","twitter_card":"summary_large_image","twitter_misc":{"Tiempo de lectura":"1 minuto"},"schema":{"@context":"https:\/\/schema.org","@graph":[{"@type":"WebPage","@id":"https:\/\/hotelekai.com\/fr\/proteccion-de-datos\/","url":"https:\/\/hotelekai.com\/fr\/proteccion-de-datos\/","name":"Protecci\u00f3n de datos - Hotel EKAI Fr","isPartOf":{"@id":"https:\/\/hotelekai.com\/fr\/#website"},"datePublished":"2022-06-10T12:53:25+00:00","dateModified":"2022-06-17T14:15:48+00:00","breadcrumb":{"@id":"https:\/\/hotelekai.com\/fr\/proteccion-de-datos\/#breadcrumb"},"inLanguage":"es","potentialAction":[{"@type":"ReadAction","target":["https:\/\/hotelekai.com\/fr\/proteccion-de-datos\/"]}]},{"@type":"BreadcrumbList","@id":"https:\/\/hotelekai.com\/fr\/proteccion-de-datos\/#breadcrumb","itemListElement":[{"@type":"ListItem","position":1,"name":"Portada","item":"https:\/\/hotelekai.com\/fr\/"},{"@type":"ListItem","position":2,"name":"Protecci\u00f3n de datos"}]},{"@type":"WebSite","@id":"https:\/\/hotelekai.com\/fr\/#website","url":"https:\/\/hotelekai.com\/fr\/","name":"Hotel EKAI Fr","description":"Hotel Ekay","potentialAction":[{"@type":"SearchAction","target":{"@type":"EntryPoint","urlTemplate":"https:\/\/hotelekai.com\/fr\/?s={search_term_string}"},"query-input":{"@type":"PropertyValueSpecification","valueRequired":true,"valueName":"search_term_string"}}],"inLanguage":"es"}]}},"_links":{"self":[{"href":"https:\/\/hotelekai.com\/fr\/wp-json\/wp\/v2\/pages\/2750","targetHints":{"allow":["GET"]}}],"collection":[{"href":"https:\/\/hotelekai.com\/fr\/wp-json\/wp\/v2\/pages"}],"about":[{"href":"https:\/\/hotelekai.com\/fr\/wp-json\/wp\/v2\/types\/page"}],"author":[{"embeddable":true,"href":"https:\/\/hotelekai.com\/fr\/wp-json\/wp\/v2\/users\/1"}],"replies":[{"embeddable":true,"href":"https:\/\/hotelekai.com\/fr\/wp-json\/wp\/v2\/comments?post=2750"}],"version-history":[{"count":1,"href":"https:\/\/hotelekai.com\/fr\/wp-json\/wp\/v2\/pages\/2750\/revisions"}],"predecessor-version":[{"id":3670,"href":"https:\/\/hotelekai.com\/fr\/wp-json\/wp\/v2\/pages\/2750\/revisions\/3670"}],"wp:attachment":[{"href":"https:\/\/hotelekai.com\/fr\/wp-json\/wp\/v2\/media?parent=2750"}],"curies":[{"name":"wp","href":"https:\/\/api.w.org\/{rel}","templated":true}]}}