{"id":1883,"date":"2022-06-03T11:45:28","date_gmt":"2022-06-03T11:45:28","guid":{"rendered":"https:\/\/hotelekai.com\/?page_id=1883"},"modified":"2023-06-01T10:42:56","modified_gmt":"2023-06-01T10:42:56","slug":"el-hotel-ekai-en-ecay-de-longuida","status":"publish","type":"page","link":"https:\/\/hotelekai.com\/en\/el-hotel-ekai-en-ecay-de-longuida\/","title":{"rendered":"El Hotel Ekai en Ecay de L\u00f3nguida"},"content":{"rendered":"\t\t<div data-elementor-type=\"wp-page\" data-elementor-id=\"1883\" class=\"elementor elementor-1883\" data-elementor-post-type=\"page\">\n\t\t\t\t<div class=\"elementor-element elementor-element-289e2da e-con-full e-flex e-con e-parent\" data-id=\"289e2da\" data-element_type=\"container\" data-e-type=\"container\" data-settings=\"{&quot;background_background&quot;:&quot;classic&quot;}\">\n\t\t\t\t<div class=\"elementor-element elementor-element-e4a63b0 elementor-widget elementor-widget-heading\" data-id=\"e4a63b0\" data-element_type=\"widget\" data-e-type=\"widget\" data-widget_type=\"heading.default\">\n\t\t\t\t<div class=\"elementor-widget-container\">\n\t\t\t\t\t<h1 class=\"elementor-heading-title elementor-size-default\">The Ekay Hotel <br>in L\u00f3nguida, Navarre<\/h1>\t\t\t\t<\/div>\n\t\t\t\t<\/div>\n\t\t\t\t<\/div>\n\t\t<div class=\"elementor-element elementor-element-9afdf79 e-flex e-con-boxed e-con e-parent\" data-id=\"9afdf79\" data-element_type=\"container\" data-e-type=\"container\">\n\t\t\t\t\t<div class=\"e-con-inner\">\n\t\t\t\t<div class=\"elementor-element elementor-element-ee022da elementor-widget__width-inherit elementor-widget elementor-widget-image\" data-id=\"ee022da\" data-element_type=\"widget\" data-e-type=\"widget\" data-widget_type=\"image.default\">\n\t\t\t\t<div class=\"elementor-widget-container\">\n\t\t\t\t\t\t\t\t\t\t\t\t\t\t\t<img decoding=\"async\" width=\"190\" height=\"78\" src=\"https:\/\/hotelekai.com\/en\/wp-content\/uploads\/sites\/2\/hotel-restaurante-ekai-longida-pamplona-logo-190.webp\" class=\"attachment-large size-large wp-image-1775\" alt=\"hotel restaurante ekai longida pamplona logo 190\" \/>\t\t\t\t\t\t\t\t\t\t\t\t\t\t\t<\/div>\n\t\t\t\t<\/div>\n\t\t\t\t<div class=\"elementor-element elementor-element-d8fdd2a elementor-widget__width-inherit elementor-widget elementor-widget-heading\" data-id=\"d8fdd2a\" data-element_type=\"widget\" data-e-type=\"widget\" data-widget_type=\"heading.default\">\n\t\t\t\t<div class=\"elementor-widget-container\">\n\t\t\t\t\t<h2 class=\"elementor-heading-title elementor-size-default\">It's been a few years since we started the journey\nin this <br> <b>world of hospitality<\/b>.<\/h2>\t\t\t\t<\/div>\n\t\t\t\t<\/div>\n\t\t\t\t<div class=\"elementor-element elementor-element-a44f741 elementor-widget__width-inherit elementor-widget-divider--view-line elementor-widget elementor-widget-divider\" data-id=\"a44f741\" data-element_type=\"widget\" data-e-type=\"widget\" data-widget_type=\"divider.default\">\n\t\t\t\t<div class=\"elementor-widget-container\">\n\t\t\t\t\t\t\t<div class=\"elementor-divider\">\n\t\t\t<span class=\"elementor-divider-separator\">\n\t\t\t\t\t\t<\/span>\n\t\t<\/div>\n\t\t\t\t\t\t<\/div>\n\t\t\t\t<\/div>\n\t\t\t\t<div class=\"elementor-element elementor-element-bf1670d elementor-widget__width-inherit elementor-widget elementor-widget-text-editor\" data-id=\"bf1670d\" data-element_type=\"widget\" data-e-type=\"widget\" data-widget_type=\"text-editor.default\">\n\t\t\t\t<div class=\"elementor-widget-container\">\n\t\t\t\t\t\t\t\t\t<p>This is our chronology in Ecay de L\u00f3nguida<\/p>\t\t\t\t\t\t\t\t<\/div>\n\t\t\t\t<\/div>\n\t\t\t\t<div class=\"elementor-element elementor-element-684ca67 elementor-widget__width-initial elementor-widget-mobile__width-inherit elementor-widget elementor-widget-timeline-widget-addon\" data-id=\"684ca67\" data-element_type=\"widget\" data-e-type=\"widget\" data-widget_type=\"timeline-widget-addon.default\">\n\t\t\t\t<div class=\"elementor-widget-container\">\n\t\t\t\t\t<!-- ========= Timeline Widget Addon For Elementor 1.6.24 ========= -->\n<div id=\"twae-wrapper-684ca67\" class=\"twae-vertical twae-wrapper  twae-both-sided\">   \n    <div class=\"twae-start\"><\/div>    \n    <div id=\"twea-timeline-684ca67\" class=\"twae-timeline\" ><!-- Start of Story Repeater Content --><div id=\"story-3ac4c27\" class=\"twae-story twae-repeater-item twae-story-right twae-story-no-icon\"><!-- Story Label --><div class=\"twae-labels\"><div class=\"twae-label-big\">1978<\/div><\/div><!-- Story Icon --><div class=\"twae-icon\"><\/div><!-- Story Arrow --><div class=\"twae-arrow\"><\/div><!-- Start of Story Content --><div class=\"twae-content\"><!-- Story Title --><div class=\"twae-title\">Our parents Luis and Alicia<\/div><!-- Story Description --><div class=\"twae-description\"><p>They open a small bar in the village of Ecay de L\u00f3nguida, my mother's home village. It became the village bar, as the \"Venta\" had already closed its doors. Alicia, helped in the kitchen by her sister Charo, and my father Luis at the bar began to offer their \"comidicas\". My brother Jose Luis and I helped out at weekends and holidays.<\/p><\/div><\/div><\/div><!-- Start of Story Repeater Content --><div id=\"story-8893a29\" class=\"twae-story twae-repeater-item twae-story-left twae-story-no-icon\"><!-- Story Label --><div class=\"twae-labels\"><div class=\"twae-label-big\">1989<\/div><\/div><!-- Story Icon --><div class=\"twae-icon\"><\/div><!-- Story Arrow --><div class=\"twae-arrow\"><\/div><!-- Start of Story Content --><div class=\"twae-content\"><!-- Story Title --><div class=\"twae-title\">Ekai Bar<\/div><!-- Story Description --><div class=\"twae-description\"><p>I take over the Ecay bar together with my sister-in-law Isabel in the kitchen, which inherits the traditional, homemade style.<\/p><\/div><\/div><\/div><!-- Start of Story Repeater Content --><div id=\"story-71b31b0\" class=\"twae-story twae-repeater-item twae-story-right twae-story-no-icon\"><!-- Story Label --><div class=\"twae-labels\"><div class=\"twae-label-big\">1996<\/div><\/div><!-- Story Icon --><div class=\"twae-icon\"><\/div><!-- Story Arrow --><div class=\"twae-arrow\"><\/div><!-- Start of Story Content --><div class=\"twae-content\"><!-- Story Title --><div class=\"twae-title\">EKAI Restaurant<\/div><!-- Story Description --><div class=\"twae-description\"><p>We opened the current EKAI RESTAURANT, that year we only enabled the bar and dining area.<\/p><\/div><\/div><\/div><!-- Start of Story Repeater Content --><div id=\"story-4a11594\" class=\"twae-story twae-repeater-item twae-story-left twae-story-no-icon\"><!-- Story Label --><div class=\"twae-labels\"><div class=\"twae-label-big\">1997 <\/div><\/div><!-- Story Icon --><div class=\"twae-icon\"><\/div><!-- Story Arrow --><div class=\"twae-arrow\"><\/div><!-- Start of Story Content --><div class=\"twae-content\"><!-- Story Title --><div class=\"twae-title\">First floor<\/div><!-- Story Description --><div class=\"twae-description\"><p>We built the first floor of the current building. Here we have 12 double rooms, with two-star category.<\/p><\/div><\/div><\/div><!-- Start of Story Repeater Content --><div id=\"story-40ba095\" class=\"twae-story twae-repeater-item twae-story-right twae-story-no-icon\"><!-- Story Label --><div class=\"twae-labels\"><div class=\"twae-label-big\">1998 <\/div><\/div><!-- Story Icon --><div class=\"twae-icon\"><\/div><!-- Story Arrow --><div class=\"twae-arrow\"><\/div><!-- Start of Story Content --><div class=\"twae-content\"><!-- Story Title --><div class=\"twae-title\">Penthouse<\/div><!-- Story Description --><div class=\"twae-description\"><p>We have 4 \"superior\" rooms in the attic, more spacious, ideal for families, and 4 single rooms.<\/p><\/div><\/div><\/div><!-- Start of Story Repeater Content --><div id=\"story-53f79b4\" class=\"twae-story twae-repeater-item twae-story-left twae-story-no-icon\"><!-- Story Label --><div class=\"twae-labels\"><div class=\"twae-label-big\">2000 <\/div><\/div><!-- Story Icon --><div class=\"twae-icon\"><\/div><!-- Story Arrow --><div class=\"twae-arrow\"><\/div><!-- Start of Story Content --><div class=\"twae-content\"><!-- Story Title --><div class=\"twae-title\">Untzea Restaurant<\/div><!-- Story Description --><div class=\"twae-description\"><p>We bought a warehouse in the Aoiz industrial estate and transformed it into the current UNTZEA RESTAURANT, dedicated to serving the industrial area.<\/p><\/div><\/div><\/div><!-- Start of Story Repeater Content --><div id=\"story-4432a9a\" class=\"twae-story twae-repeater-item twae-story-right twae-story-no-icon\"><!-- Story Label --><div class=\"twae-labels\"><div class=\"twae-label-big\">2006<\/div><\/div><!-- Story Icon --><div class=\"twae-icon\"><\/div><!-- Story Arrow --><div class=\"twae-arrow\"><\/div><!-- Start of Story Content --><div class=\"twae-content\"><!-- Story Title --><div class=\"twae-title\">Reckrea Association<\/div><!-- Story Description --><div class=\"twae-description\"><p>We have joined the ASSOCIATION OF RURAL HOTELS OF NAVARRA-RECKREA. Its philosophy and way of understanding tourism in our community makes us fully identify with the brand.<\/p><\/div><\/div><\/div><!-- Start of Story Repeater Content --><div id=\"story-9994ec4\" class=\"twae-story twae-repeater-item twae-story-left twae-story-no-icon\"><!-- Story Label --><div class=\"twae-labels\"><div class=\"twae-label-big\">2009 <\/div><\/div><!-- Story Icon --><div class=\"twae-icon\"><\/div><!-- Story Arrow --><div class=\"twae-arrow\"><\/div><!-- Start of Story Content --><div class=\"twae-content\"><!-- Story Title --><div class=\"twae-title\">Tourist Apartments<\/div><!-- Story Description --><div class=\"twae-description\"><p>We were pioneers in Aoiz when we registered the first TOURIST APARTMENTS in the town. These are the Pasaleku and Harinera flats. At the Hotel Ekai we introduced the Q for quality.<\/p><\/div><\/div><\/div><!-- Start of Story Repeater Content --><div id=\"story-cb7178e\" class=\"twae-story twae-repeater-item twae-story-right twae-story-no-icon\"><!-- Story Label --><div class=\"twae-labels\"><div class=\"twae-label-big\">2010-2012<\/div><\/div><!-- Story Icon --><div class=\"twae-icon\"><\/div><!-- Story Arrow --><div class=\"twae-arrow\"><\/div><!-- Start of Story Content --><div class=\"twae-content\"><!-- Story Title --><div class=\"twae-title\">Zaldu Restaurant<\/div><!-- Story Description --><div class=\"twae-description\"><p>We became managers of the ZALDU RESTAURANT, in a beautiful enclave in the town of OROZ-BETELU. 2012 we joined the LOGIS ASSOCIATION. The great trajectory of Logis de France, its international potential pushes us to open new frontiers.<\/p><\/div><\/div><\/div><!-- Start of Story Repeater Content --><div id=\"story-ffd1a35\" class=\"twae-story twae-repeater-item twae-story-left twae-story-no-icon\"><!-- Story Label --><div class=\"twae-labels\"><div class=\"twae-label-big\">2014 <\/div><\/div><!-- Story Icon --><div class=\"twae-icon\"><\/div><!-- Story Arrow --><div class=\"twae-arrow\"><\/div><!-- Start of Story Content --><div class=\"twae-content\"><!-- Story Title --><div class=\"twae-title\">Tourism Award<\/div><!-- Story Description --><div class=\"twae-description\"><p>The ASSOCIATION OF RURAL HOTELS OF NAVARRA-RECKREA receives the REYNO DE NAVARRA TOURISM AWARD for its history, work and relevance in the field of tourism in our community.<\/p><\/div><\/div><\/div><!-- Start of Story Repeater Content --><div id=\"story-c403c4e\" class=\"twae-story twae-repeater-item twae-story-right twae-story-no-icon\"><!-- Story Label --><div class=\"twae-labels\"><div class=\"twae-label-big\">2016<\/div><\/div><!-- Story Icon --><div class=\"twae-icon\"><\/div><!-- Story Arrow --><div class=\"twae-arrow\"><\/div><!-- Start of Story Content --><div class=\"twae-content\"><!-- Story Title --><div class=\"twae-title\">Best Hotel on Trivago<\/div><!-- Story Description --><div class=\"twae-description\"><p>TRIVAGO users choose us as the BEST 3 STAR HOTEL in Navarra.<\/p><\/div><\/div><\/div><!-- Start of Story Repeater Content --><div id=\"story-c1ac2ff\" class=\"twae-story twae-repeater-item twae-story-left twae-story-no-icon\"><!-- Story Label --><div class=\"twae-labels\"><div class=\"twae-label-big\">2019<\/div><\/div><!-- Story Icon --><div class=\"twae-icon\"><\/div><!-- Story Arrow --><div class=\"twae-arrow\"><\/div><!-- Start of Story Content --><div class=\"twae-content\"><!-- Story Title --><div class=\"twae-title\">Rural tourism in Navarre<\/div><!-- Story Description --><div class=\"twae-description\"><p>We started to form part of the Federation of Rural Tourism of Navarre of the Association of Small Hotel and Catering Businesses in Navarre.<\/p><\/div><\/div><\/div><\/div>\n    <div class=\"twae-end\"><\/div>\n    <\/div><style type=\"text\/css\">@media (max-width: 1024px){ .twae-wrapper{--tw-ybx-size: 80px !important;}}@media (max-width: 767px){ .twae-wrapper{--tw-ybx-size: 80px !important}}<\/style>\t\t\t\t<\/div>\n\t\t\t\t<\/div>\n\t\t\t\t<div class=\"elementor-element elementor-element-aa71363 elementor-widget elementor-widget-html\" data-id=\"aa71363\" data-element_type=\"widget\" data-e-type=\"widget\" data-widget_type=\"html.default\">\n\t\t\t\t<div class=\"elementor-widget-container\">\n\t\t\t\t\t<script>\n    jQuery('.twae-title').replaceWith(function(){\n    return jQuery(\"<h3 \/>\", {html: jQuery(this).html()});\n});\n<\/script>\t\t\t\t<\/div>\n\t\t\t\t<\/div>\n\t\t\t\t<div class=\"elementor-element elementor-element-a4c6dd0 elementor-align-center elementor-widget__width-initial elementor-widget-mobile__width-inherit elementor-widget elementor-widget-button\" data-id=\"a4c6dd0\" data-element_type=\"widget\" data-e-type=\"widget\" data-widget_type=\"button.default\">\n\t\t\t\t<div class=\"elementor-widget-container\">\n\t\t\t\t\t\t\t\t\t<div class=\"elementor-button-wrapper\">\n\t\t\t\t\t<a class=\"elementor-button elementor-button-link elementor-size-xl\" href=\"https:\/\/booking.avirato.com\/?code=49992171&#038;lang=en\" target=\"_blank\">\n\t\t\t\t\t\t<span class=\"elementor-button-content-wrapper\">\n\t\t\t\t\t\t\t\t\t<span class=\"elementor-button-text\">Book today<\/span>\n\t\t\t\t\t<\/span>\n\t\t\t\t\t<\/a>\n\t\t\t\t<\/div>\n\t\t\t\t\t\t\t\t<\/div>\n\t\t\t\t<\/div>\n\t\t\t\t<div class=\"elementor-element elementor-element-ef36813 elementor-align-center elementor-widget__width-initial elementor-widget-mobile__width-inherit elementor-widget elementor-widget-button\" data-id=\"ef36813\" data-element_type=\"widget\" data-e-type=\"widget\" data-widget_type=\"button.default\">\n\t\t\t\t<div class=\"elementor-widget-container\">\n\t\t\t\t\t\t\t\t\t<div class=\"elementor-button-wrapper\">\n\t\t\t\t\t<a class=\"elementor-button elementor-button-link elementor-size-xl\" href=\"https:\/\/hotelekai.com\/en\/contacto-con-hotel-ekai\/\" target=\"_blank\">\n\t\t\t\t\t\t<span class=\"elementor-button-content-wrapper\">\n\t\t\t\t\t\t\t\t\t<span class=\"elementor-button-text\">Any doubts?<\/span>\n\t\t\t\t\t<\/span>\n\t\t\t\t\t<\/a>\n\t\t\t\t<\/div>\n\t\t\t\t\t\t\t\t<\/div>\n\t\t\t\t<\/div>\n\t\t\t\t\t<\/div>\n\t\t\t\t<\/div>\n\t\t\t\t<\/div>\n\t\t","protected":false},"excerpt":{"rendered":"<p>The Ekay Hotel in L\u00f3nguida, Navarre It&#8217;s been a few years since we started the journey in this world of hospitality. This is our chronology in Ecay de L\u00f3nguida 1978Our parents Luis and Alicia They open a small bar in the village of Ecay de L\u00f3nguida, my mother&#8217;s home village. It became the village bar, [&hellip;]<\/p>\n","protected":false},"author":1,"featured_media":0,"parent":0,"menu_order":0,"comment_status":"closed","ping_status":"closed","template":"elementor_header_footer","meta":{"_acf_changed":false,"footnotes":""},"class_list":["post-1883","page","type-page","status-publish","hentry"],"acf":[],"yoast_head":"<!-- This site is optimized with the Yoast SEO plugin v27.4 - https:\/\/yoast.com\/product\/yoast-seo-wordpress\/ -->\n<title>El Hotel Ekai en Ecay de L\u00f3nguida - Hotel Ekay<\/title>\n<meta name=\"description\" content=\"El Hotel Ekai en Ecay de L\u00f3nguida. Ya hace unos a\u00f1icos que comenzamos la andadura en estemundo de la hosteler\u00eda.\" \/>\n<meta name=\"robots\" content=\"index, follow, max-snippet:-1, max-image-preview:large, max-video-preview:-1\" \/>\n<link rel=\"canonical\" href=\"https:\/\/hotelekai.com\/en\/el-hotel-ekai-en-ecay-de-longuida\/\" \/>\n<meta property=\"og:locale\" content=\"es_ES\" \/>\n<meta property=\"og:type\" content=\"article\" \/>\n<meta property=\"og:title\" content=\"El Hotel Ekai en Ecay de L\u00f3nguida - Hotel Ekay\" \/>\n<meta property=\"og:description\" content=\"El Hotel Ekai en Ecay de L\u00f3nguida. Ya hace unos a\u00f1icos que comenzamos la andadura en estemundo de la hosteler\u00eda.\" \/>\n<meta property=\"og:url\" content=\"https:\/\/hotelekai.com\/en\/el-hotel-ekai-en-ecay-de-longuida\/\" \/>\n<meta property=\"og:site_name\" content=\"Hotel EKAI En\" \/>\n<meta property=\"article:modified_time\" content=\"2023-06-01T10:42:56+00:00\" \/>\n<meta property=\"og:image\" content=\"https:\/\/hotelekai.com\/en\/wp-content\/uploads\/sites\/2\/hotel-restaurante-ekai-longida-pamplona-logo-190.webp\" \/>\n<meta name=\"twitter:card\" content=\"summary_large_image\" \/>\n<meta name=\"twitter:label1\" content=\"Tiempo de lectura\" \/>\n\t<meta name=\"twitter:data1\" content=\"3 minutos\" \/>\n<script type=\"application\/ld+json\" class=\"yoast-schema-graph\">{\"@context\":\"https:\\\/\\\/schema.org\",\"@graph\":[{\"@type\":\"WebPage\",\"@id\":\"https:\\\/\\\/hotelekai.com\\\/en\\\/el-hotel-ekai-en-ecay-de-longuida\\\/\",\"url\":\"https:\\\/\\\/hotelekai.com\\\/en\\\/el-hotel-ekai-en-ecay-de-longuida\\\/\",\"name\":\"El Hotel Ekai en Ecay de L\u00f3nguida - Hotel Ekay\",\"isPartOf\":{\"@id\":\"https:\\\/\\\/hotelekai.com\\\/en\\\/#website\"},\"primaryImageOfPage\":{\"@id\":\"https:\\\/\\\/hotelekai.com\\\/en\\\/el-hotel-ekai-en-ecay-de-longuida\\\/#primaryimage\"},\"image\":{\"@id\":\"https:\\\/\\\/hotelekai.com\\\/en\\\/el-hotel-ekai-en-ecay-de-longuida\\\/#primaryimage\"},\"thumbnailUrl\":\"https:\\\/\\\/hotelekai.com\\\/en\\\/wp-content\\\/uploads\\\/sites\\\/2\\\/hotel-restaurante-ekai-longida-pamplona-logo-190.webp\",\"datePublished\":\"2022-06-03T11:45:28+00:00\",\"dateModified\":\"2023-06-01T10:42:56+00:00\",\"description\":\"El Hotel Ekai en Ecay de L\u00f3nguida. Ya hace unos a\u00f1icos que comenzamos la andadura en estemundo de la hosteler\u00eda.\",\"breadcrumb\":{\"@id\":\"https:\\\/\\\/hotelekai.com\\\/en\\\/el-hotel-ekai-en-ecay-de-longuida\\\/#breadcrumb\"},\"inLanguage\":\"es\",\"potentialAction\":[{\"@type\":\"ReadAction\",\"target\":[\"https:\\\/\\\/hotelekai.com\\\/en\\\/el-hotel-ekai-en-ecay-de-longuida\\\/\"]}]},{\"@type\":\"ImageObject\",\"inLanguage\":\"es\",\"@id\":\"https:\\\/\\\/hotelekai.com\\\/en\\\/el-hotel-ekai-en-ecay-de-longuida\\\/#primaryimage\",\"url\":\"https:\\\/\\\/hotelekai.com\\\/en\\\/wp-content\\\/uploads\\\/sites\\\/2\\\/hotel-restaurante-ekai-longida-pamplona-logo-190.webp\",\"contentUrl\":\"https:\\\/\\\/hotelekai.com\\\/en\\\/wp-content\\\/uploads\\\/sites\\\/2\\\/hotel-restaurante-ekai-longida-pamplona-logo-190.webp\",\"width\":190,\"height\":78,\"caption\":\"hotel restaurante ekai longida pamplona logo 190\"},{\"@type\":\"BreadcrumbList\",\"@id\":\"https:\\\/\\\/hotelekai.com\\\/en\\\/el-hotel-ekai-en-ecay-de-longuida\\\/#breadcrumb\",\"itemListElement\":[{\"@type\":\"ListItem\",\"position\":1,\"name\":\"Portada\",\"item\":\"https:\\\/\\\/hotelekai.com\\\/en\\\/\"},{\"@type\":\"ListItem\",\"position\":2,\"name\":\"El Hotel Ekai en Ecay de L\u00f3nguida\"}]},{\"@type\":\"WebSite\",\"@id\":\"https:\\\/\\\/hotelekai.com\\\/en\\\/#website\",\"url\":\"https:\\\/\\\/hotelekai.com\\\/en\\\/\",\"name\":\"Hotel EKAI En\",\"description\":\"Hotel Ekay\",\"potentialAction\":[{\"@type\":\"SearchAction\",\"target\":{\"@type\":\"EntryPoint\",\"urlTemplate\":\"https:\\\/\\\/hotelekai.com\\\/en\\\/?s={search_term_string}\"},\"query-input\":{\"@type\":\"PropertyValueSpecification\",\"valueRequired\":true,\"valueName\":\"search_term_string\"}}],\"inLanguage\":\"es\"}]}<\/script>\n<!-- \/ Yoast SEO plugin. -->","yoast_head_json":{"title":"El Hotel Ekai en Ecay de L\u00f3nguida - Hotel Ekay","description":"El Hotel Ekai en Ecay de L\u00f3nguida. Ya hace unos a\u00f1icos que comenzamos la andadura en estemundo de la hosteler\u00eda.","robots":{"index":"index","follow":"follow","max-snippet":"max-snippet:-1","max-image-preview":"max-image-preview:large","max-video-preview":"max-video-preview:-1"},"canonical":"https:\/\/hotelekai.com\/en\/el-hotel-ekai-en-ecay-de-longuida\/","og_locale":"es_ES","og_type":"article","og_title":"El Hotel Ekai en Ecay de L\u00f3nguida - Hotel Ekay","og_description":"El Hotel Ekai en Ecay de L\u00f3nguida. Ya hace unos a\u00f1icos que comenzamos la andadura en estemundo de la hosteler\u00eda.","og_url":"https:\/\/hotelekai.com\/en\/el-hotel-ekai-en-ecay-de-longuida\/","og_site_name":"Hotel EKAI En","article_modified_time":"2023-06-01T10:42:56+00:00","og_image":[{"url":"https:\/\/hotelekai.com\/en\/wp-content\/uploads\/sites\/2\/hotel-restaurante-ekai-longida-pamplona-logo-190.webp","type":"","width":"","height":""}],"twitter_card":"summary_large_image","twitter_misc":{"Tiempo de lectura":"3 minutos"},"schema":{"@context":"https:\/\/schema.org","@graph":[{"@type":"WebPage","@id":"https:\/\/hotelekai.com\/en\/el-hotel-ekai-en-ecay-de-longuida\/","url":"https:\/\/hotelekai.com\/en\/el-hotel-ekai-en-ecay-de-longuida\/","name":"El Hotel Ekai en Ecay de L\u00f3nguida - Hotel Ekay","isPartOf":{"@id":"https:\/\/hotelekai.com\/en\/#website"},"primaryImageOfPage":{"@id":"https:\/\/hotelekai.com\/en\/el-hotel-ekai-en-ecay-de-longuida\/#primaryimage"},"image":{"@id":"https:\/\/hotelekai.com\/en\/el-hotel-ekai-en-ecay-de-longuida\/#primaryimage"},"thumbnailUrl":"https:\/\/hotelekai.com\/en\/wp-content\/uploads\/sites\/2\/hotel-restaurante-ekai-longida-pamplona-logo-190.webp","datePublished":"2022-06-03T11:45:28+00:00","dateModified":"2023-06-01T10:42:56+00:00","description":"El Hotel Ekai en Ecay de L\u00f3nguida. Ya hace unos a\u00f1icos que comenzamos la andadura en estemundo de la hosteler\u00eda.","breadcrumb":{"@id":"https:\/\/hotelekai.com\/en\/el-hotel-ekai-en-ecay-de-longuida\/#breadcrumb"},"inLanguage":"es","potentialAction":[{"@type":"ReadAction","target":["https:\/\/hotelekai.com\/en\/el-hotel-ekai-en-ecay-de-longuida\/"]}]},{"@type":"ImageObject","inLanguage":"es","@id":"https:\/\/hotelekai.com\/en\/el-hotel-ekai-en-ecay-de-longuida\/#primaryimage","url":"https:\/\/hotelekai.com\/en\/wp-content\/uploads\/sites\/2\/hotel-restaurante-ekai-longida-pamplona-logo-190.webp","contentUrl":"https:\/\/hotelekai.com\/en\/wp-content\/uploads\/sites\/2\/hotel-restaurante-ekai-longida-pamplona-logo-190.webp","width":190,"height":78,"caption":"hotel restaurante ekai longida pamplona logo 190"},{"@type":"BreadcrumbList","@id":"https:\/\/hotelekai.com\/en\/el-hotel-ekai-en-ecay-de-longuida\/#breadcrumb","itemListElement":[{"@type":"ListItem","position":1,"name":"Portada","item":"https:\/\/hotelekai.com\/en\/"},{"@type":"ListItem","position":2,"name":"El Hotel Ekai en Ecay de L\u00f3nguida"}]},{"@type":"WebSite","@id":"https:\/\/hotelekai.com\/en\/#website","url":"https:\/\/hotelekai.com\/en\/","name":"Hotel EKAI En","description":"Hotel Ekay","potentialAction":[{"@type":"SearchAction","target":{"@type":"EntryPoint","urlTemplate":"https:\/\/hotelekai.com\/en\/?s={search_term_string}"},"query-input":{"@type":"PropertyValueSpecification","valueRequired":true,"valueName":"search_term_string"}}],"inLanguage":"es"}]}},"_links":{"self":[{"href":"https:\/\/hotelekai.com\/en\/wp-json\/wp\/v2\/pages\/1883","targetHints":{"allow":["GET"]}}],"collection":[{"href":"https:\/\/hotelekai.com\/en\/wp-json\/wp\/v2\/pages"}],"about":[{"href":"https:\/\/hotelekai.com\/en\/wp-json\/wp\/v2\/types\/page"}],"author":[{"embeddable":true,"href":"https:\/\/hotelekai.com\/en\/wp-json\/wp\/v2\/users\/1"}],"replies":[{"embeddable":true,"href":"https:\/\/hotelekai.com\/en\/wp-json\/wp\/v2\/comments?post=1883"}],"version-history":[{"count":26,"href":"https:\/\/hotelekai.com\/en\/wp-json\/wp\/v2\/pages\/1883\/revisions"}],"predecessor-version":[{"id":3811,"href":"https:\/\/hotelekai.com\/en\/wp-json\/wp\/v2\/pages\/1883\/revisions\/3811"}],"wp:attachment":[{"href":"https:\/\/hotelekai.com\/en\/wp-json\/wp\/v2\/media?parent=1883"}],"curies":[{"name":"wp","href":"https:\/\/api.w.org\/{rel}","templated":true}]}}